{"id":1559,"date":"2024-09-15T01:49:43","date_gmt":"2024-09-14T23:49:43","guid":{"rendered":"https:\/\/patakes.com\/?page_id=1559"},"modified":"2024-09-15T02:10:21","modified_gmt":"2024-09-15T00:10:21","slug":"elementor-page-1559","status":"publish","type":"page","link":"https:\/\/patakes.com\/index.php\/elementor-page-1559\/","title":{"rendered":"Le comte de Monte Cristo"},"content":{"rendered":"\t\t<div data-elementor-type=\"wp-page\" data-elementor-id=\"1559\" class=\"elementor elementor-1559\">\n\t\t\t\t<div class=\"elementor-element elementor-element-16e5c95c e-flex e-con-boxed e-con e-parent\" data-id=\"16e5c95c\" data-element_type=\"container\" data-e-type=\"container\">\n\t\t\t\t\t<div class=\"e-con-inner\">\n\t\t<div class=\"elementor-element elementor-element-38000bf2 e-con-full e-flex e-con e-child\" data-id=\"38000bf2\" data-element_type=\"container\" data-e-type=\"container\">\n\t\t\t\t<div class=\"elementor-element elementor-element-21a30e6f elementor-widget elementor-widget-image\" data-id=\"21a30e6f\" data-element_type=\"widget\" data-e-type=\"widget\" data-widget_type=\"image.default\">\n\t\t\t\t<div class=\"elementor-widget-container\">\n\t\t\t\t\t\t\t\t\t\t\t\t\t\t\t\t<a href=\"https:\/\/www.senscritique.com\/film\/le_comte_de_monte_cristo\/43518594\" target=\"_blank\">\n\t\t\t\t\t\t\t<img fetchpriority=\"high\" decoding=\"async\" width=\"768\" height=\"1024\" src=\"https:\/\/patakes.com\/wp-content\/uploads\/2024\/09\/29eb8341475fdb0b19b1d7b995b70e17-768x1024.webp\" class=\"attachment-large size-large wp-image-1565\" alt=\"\" srcset=\"https:\/\/patakes.com\/wp-content\/uploads\/2024\/09\/29eb8341475fdb0b19b1d7b995b70e17-768x1024.webp 768w, https:\/\/patakes.com\/wp-content\/uploads\/2024\/09\/29eb8341475fdb0b19b1d7b995b70e17-225x300.webp 225w, https:\/\/patakes.com\/wp-content\/uploads\/2024\/09\/29eb8341475fdb0b19b1d7b995b70e17-1152x1536.webp 1152w, https:\/\/patakes.com\/wp-content\/uploads\/2024\/09\/29eb8341475fdb0b19b1d7b995b70e17.webp 1200w\" sizes=\"(max-width: 768px) 100vw, 768px\" \/>\t\t\t\t\t\t\t\t<\/a>\n\t\t\t\t\t\t\t\t\t\t\t\t\t\t\t<\/div>\n\t\t\t\t<\/div>\n\t\t\t\t<\/div>\n\t\t<div class=\"elementor-element elementor-element-5ab73257 e-con-full e-flex e-con e-child\" data-id=\"5ab73257\" data-element_type=\"container\" data-e-type=\"container\">\n\t\t<div class=\"elementor-element elementor-element-11bf325b e-con-full e-flex e-con e-child\" data-id=\"11bf325b\" data-element_type=\"container\" data-e-type=\"container\">\n\t\t\t\t<div class=\"elementor-element elementor-element-32cb40d1 elementor-widget elementor-widget-text-editor\" data-id=\"32cb40d1\" data-element_type=\"widget\" data-e-type=\"widget\" data-widget_type=\"text-editor.default\">\n\t\t\t\t<div class=\"elementor-widget-container\">\n\t\t\t\t\t\t\t\t\t<p>Victime d\u2019un complot, le jeune Edmond Dant\u00e8s est arr\u00eat\u00e9 le jour de son mariage pour un crime qu\u2019il n\u2019a pas commis. Apr\u00e8s quatorze ans de d\u00e9tention au ch\u00e2teau d\u2019If, il parvient \u00e0 s\u2019\u00e9vader. Devenu immens\u00e9ment riche, il revient sous l\u2019identit\u00e9 du comte de Monte-Cristo pour se venger des trois hommes qui l\u2019ont trahi.<\/p>\t\t\t\t\t\t\t\t<\/div>\n\t\t\t\t<\/div>\n\t\t\t\t<\/div>\n\t\t<div class=\"elementor-element elementor-element-3adf093c e-con-full e-flex e-con e-child\" data-id=\"3adf093c\" data-element_type=\"container\" data-e-type=\"container\">\n\t\t\t\t<div class=\"elementor-element elementor-element-133e4c6a elementor-widget elementor-widget-video\" data-id=\"133e4c6a\" data-element_type=\"widget\" data-e-type=\"widget\" data-settings=\"{&quot;youtube_url&quot;:&quot;https:\\\/\\\/youtu.be\\\/u0YnbsyvGS0&quot;,&quot;video_type&quot;:&quot;youtube&quot;,&quot;controls&quot;:&quot;yes&quot;}\" data-widget_type=\"video.default\">\n\t\t\t\t<div class=\"elementor-widget-container\">\n\t\t\t\t\t\t\t<div class=\"elementor-wrapper elementor-open-inline\">\n\t\t\t<div class=\"elementor-video\"><\/div>\t\t<\/div>\n\t\t\t\t\t\t<\/div>\n\t\t\t\t<\/div>\n\t\t\t\t<\/div>\n\t\t\t\t<\/div>\n\t\t\t\t\t<\/div>\n\t\t\t\t<\/div>\n\t\t\t\t<\/div>\n\t\t","protected":false},"excerpt":{"rendered":"<p>Victime d\u2019un complot, le jeune Edmond Dant\u00e8s est arr\u00eat\u00e9 le jour de son mariage pour un crime qu\u2019il n\u2019a pas commis. Apr\u00e8s quatorze ans de d\u00e9tention au ch\u00e2teau d\u2019If, il &#8230;<\/p>\n","protected":false},"author":1,"featured_media":0,"parent":0,"menu_order":0,"comment_status":"closed","ping_status":"closed","template":"elementor_header_footer","meta":{"footnotes":""},"class_list":["post-1559","page","type-page","status-publish","hentry"],"_links":{"self":[{"href":"https:\/\/patakes.com\/index.php\/wp-json\/wp\/v2\/pages\/1559","targetHints":{"allow":["GET"]}}],"collection":[{"href":"https:\/\/patakes.com\/index.php\/wp-json\/wp\/v2\/pages"}],"about":[{"href":"https:\/\/patakes.com\/index.php\/wp-json\/wp\/v2\/types\/page"}],"author":[{"embeddable":true,"href":"https:\/\/patakes.com\/index.php\/wp-json\/wp\/v2\/users\/1"}],"replies":[{"embeddable":true,"href":"https:\/\/patakes.com\/index.php\/wp-json\/wp\/v2\/comments?post=1559"}],"version-history":[{"count":9,"href":"https:\/\/patakes.com\/index.php\/wp-json\/wp\/v2\/pages\/1559\/revisions"}],"predecessor-version":[{"id":1582,"href":"https:\/\/patakes.com\/index.php\/wp-json\/wp\/v2\/pages\/1559\/revisions\/1582"}],"wp:attachment":[{"href":"https:\/\/patakes.com\/index.php\/wp-json\/wp\/v2\/media?parent=1559"}],"curies":[{"name":"wp","href":"https:\/\/api.w.org\/{rel}","templated":true}]}}