{"id":1602,"date":"2024-10-29T19:09:42","date_gmt":"2024-10-29T18:09:42","guid":{"rendered":"https:\/\/patakes.com\/?page_id=1602"},"modified":"2024-10-31T19:50:47","modified_gmt":"2024-10-31T18:50:47","slug":"elementor-1602","status":"publish","type":"page","link":"https:\/\/patakes.com\/index.php\/elementor-1602\/","title":{"rendered":"Lee Miller"},"content":{"rendered":"\t\t<div data-elementor-type=\"wp-page\" data-elementor-id=\"1602\" class=\"elementor elementor-1602\">\n\t\t\t\t<div class=\"elementor-element elementor-element-2d4b04a2 e-flex e-con-boxed e-con e-parent\" data-id=\"2d4b04a2\" data-element_type=\"container\" data-e-type=\"container\">\n\t\t\t\t\t<div class=\"e-con-inner\">\n\t\t<div class=\"elementor-element elementor-element-2494fafe e-con-full e-flex e-con e-child\" data-id=\"2494fafe\" data-element_type=\"container\" data-e-type=\"container\">\n\t\t\t\t<div class=\"elementor-element elementor-element-18c83b7a elementor-widget elementor-widget-image\" data-id=\"18c83b7a\" data-element_type=\"widget\" data-e-type=\"widget\" data-widget_type=\"image.default\">\n\t\t\t\t<div class=\"elementor-widget-container\">\n\t\t\t\t\t\t\t\t\t\t\t\t\t\t\t\t<a href=\"https:\/\/www.senscritique.com\/film\/lee_miller\/58912521\" target=\"_blank\">\n\t\t\t\t\t\t\t<img fetchpriority=\"high\" decoding=\"async\" width=\"665\" height=\"906\" src=\"https:\/\/patakes.com\/wp-content\/uploads\/2024\/09\/lee-miller.webp\" class=\"attachment-large size-large wp-image-1604\" alt=\"\" srcset=\"https:\/\/patakes.com\/wp-content\/uploads\/2024\/09\/lee-miller.webp 665w, https:\/\/patakes.com\/wp-content\/uploads\/2024\/09\/lee-miller-220x300.webp 220w\" sizes=\"(max-width: 665px) 100vw, 665px\" \/>\t\t\t\t\t\t\t\t<\/a>\n\t\t\t\t\t\t\t\t\t\t\t\t\t\t\t<\/div>\n\t\t\t\t<\/div>\n\t\t\t\t<\/div>\n\t\t<div class=\"elementor-element elementor-element-ffb0c0f e-con-full e-flex e-con e-child\" data-id=\"ffb0c0f\" data-element_type=\"container\" data-e-type=\"container\">\n\t\t<div class=\"elementor-element elementor-element-190e673 e-con-full e-flex e-con e-child\" data-id=\"190e673\" data-element_type=\"container\" data-e-type=\"container\">\n\t\t\t\t<div class=\"elementor-element elementor-element-103b8f0c elementor-widget elementor-widget-text-editor\" data-id=\"103b8f0c\" data-element_type=\"widget\" data-e-type=\"widget\" data-widget_type=\"text-editor.default\">\n\t\t\t\t<div class=\"elementor-widget-container\">\n\t\t\t\t\t\t\t\t\t<section id=\"synopsis-details\" class=\"section ovw ovw-synopsis\"><div class=\"content-txt \"><p class=\"bo-p\">L\u2019incroyable vie de LEE MILLER, ex-mod\u00e8le pour Vogue et muse de Man Ray devenue l\u2019une des premi\u00e8res femmes photographes de guerre. Partie sur le front et pr\u00eate \u00e0 tout pour t\u00e9moigner des horreurs de la Seconde Guerre, elle a, par son courage et son refus des conventions, chang\u00e9 la fa\u00e7on de voir le monde.<\/p><\/div><div id=\"mobile-referrer-atf\">\u00a0<\/div><\/section>\t\t\t\t\t\t\t\t<\/div>\n\t\t\t\t<\/div>\n\t\t\t\t<\/div>\n\t\t<div class=\"elementor-element elementor-element-43cb0b6d e-con-full e-flex e-con e-child\" data-id=\"43cb0b6d\" data-element_type=\"container\" data-e-type=\"container\">\n\t\t\t\t<div class=\"elementor-element elementor-element-455af996 elementor-widget elementor-widget-video\" data-id=\"455af996\" data-element_type=\"widget\" data-e-type=\"widget\" data-settings=\"{&quot;youtube_url&quot;:&quot;https:\\\/\\\/www.youtube.com\\\/watch?v=cRZblc3DC7E&amp;ab_channel=SND&quot;,&quot;video_type&quot;:&quot;youtube&quot;,&quot;controls&quot;:&quot;yes&quot;}\" data-widget_type=\"video.default\">\n\t\t\t\t<div class=\"elementor-widget-container\">\n\t\t\t\t\t\t\t<div class=\"elementor-wrapper elementor-open-inline\">\n\t\t\t<div class=\"elementor-video\"><\/div>\t\t<\/div>\n\t\t\t\t\t\t<\/div>\n\t\t\t\t<\/div>\n\t\t\t\t<\/div>\n\t\t\t\t<\/div>\n\t\t\t\t\t<\/div>\n\t\t\t\t<\/div>\n\t\t\t\t<\/div>\n\t\t","protected":false},"excerpt":{"rendered":"<p>L\u2019incroyable vie de LEE MILLER, ex-mod\u00e8le pour Vogue et muse de Man Ray devenue l\u2019une des premi\u00e8res femmes photographes de guerre. Partie sur le front et pr\u00eate \u00e0 tout pour &#8230;<\/p>\n","protected":false},"author":1,"featured_media":0,"parent":0,"menu_order":0,"comment_status":"closed","ping_status":"closed","template":"elementor_header_footer","meta":{"footnotes":""},"class_list":["post-1602","page","type-page","status-publish","hentry"],"_links":{"self":[{"href":"https:\/\/patakes.com\/index.php\/wp-json\/wp\/v2\/pages\/1602","targetHints":{"allow":["GET"]}}],"collection":[{"href":"https:\/\/patakes.com\/index.php\/wp-json\/wp\/v2\/pages"}],"about":[{"href":"https:\/\/patakes.com\/index.php\/wp-json\/wp\/v2\/types\/page"}],"author":[{"embeddable":true,"href":"https:\/\/patakes.com\/index.php\/wp-json\/wp\/v2\/users\/1"}],"replies":[{"embeddable":true,"href":"https:\/\/patakes.com\/index.php\/wp-json\/wp\/v2\/comments?post=1602"}],"version-history":[{"count":11,"href":"https:\/\/patakes.com\/index.php\/wp-json\/wp\/v2\/pages\/1602\/revisions"}],"predecessor-version":[{"id":1626,"href":"https:\/\/patakes.com\/index.php\/wp-json\/wp\/v2\/pages\/1602\/revisions\/1626"}],"wp:attachment":[{"href":"https:\/\/patakes.com\/index.php\/wp-json\/wp\/v2\/media?parent=1602"}],"curies":[{"name":"wp","href":"https:\/\/api.w.org\/{rel}","templated":true}]}}